{"id":297,"date":"2026-03-19T17:59:45","date_gmt":"2026-03-19T17:59:45","guid":{"rendered":"https:\/\/ugelsatipo.gob.pe\/?page_id=297"},"modified":"2026-03-30T15:04:52","modified_gmt":"2026-03-30T15:04:52","slug":"hist","status":"publish","type":"page","link":"https:\/\/ugelsatipo.gob.pe\/index.php\/hist\/","title":{"rendered":"HIST"},"content":{"rendered":"\t\t<div data-elementor-type=\"wp-page\" data-elementor-id=\"297\" class=\"elementor elementor-297\" data-elementor-post-type=\"page\">\n\t\t\t\t\t\t<section class=\"elementor-section elementor-top-section elementor-element elementor-element-a094883 elementor-section-boxed elementor-section-height-default elementor-section-height-default\" data-id=\"a094883\" data-element_type=\"section\">\n\t\t\t\t\t\t<div class=\"elementor-container elementor-column-gap-default\">\n\t\t\t\t\t<div class=\"elementor-column elementor-col-50 elementor-top-column elementor-element elementor-element-d609b07\" data-id=\"d609b07\" data-element_type=\"column\">\n\t\t\t<div class=\"elementor-widget-wrap elementor-element-populated\">\n\t\t\t\t\t\t\t\t<h2 class=\"e-heading-base\">\n\t\t\tMisi\u00f3n\n\t\t<\/h2>\n\t\t\t\t\t<\/div>\n\t\t<\/div>\n\t\t\t\t<div class=\"elementor-column elementor-col-50 elementor-top-column elementor-element elementor-element-8290aba\" data-id=\"8290aba\" data-element_type=\"column\">\n\t\t\t<div class=\"elementor-widget-wrap elementor-element-populated\">\n\t\t\t\t\t\t\t\t<h2 class=\"e-heading-base\">\n\t\t\tVisi\u00f3n\n\t\t<\/h2>\n\t\t\t\t\t<\/div>\n\t\t<\/div>\n\t\t\t\t\t<\/div>\n\t\t<\/section>\n\t\t\t\t<section class=\"elementor-section elementor-top-section elementor-element elementor-element-26ec079 elementor-section-boxed elementor-section-height-default elementor-section-height-default\" data-id=\"26ec079\" data-element_type=\"section\">\n\t\t\t\t\t\t<div class=\"elementor-container elementor-column-gap-default\">\n\t\t\t\t\t<div class=\"elementor-column elementor-col-50 elementor-top-column elementor-element elementor-element-baada9f\" data-id=\"baada9f\" data-element_type=\"column\">\n\t\t\t<div class=\"elementor-widget-wrap elementor-element-populated\">\n\t\t\t\t\t\t\t        <p class=\"e-paragraph-base\">\n                            Garantizar un servicio educativo de calidad en todos los niveles y modalidades, mediante una gesti\u00f3n eficiente, transparente y descentralizada, orientada al desarrollo integral de los estudiantes. Promovemos una educaci\u00f3n pertinente, intercultural e inclusiva, que fortalece la identidad, los valores y las competencias de ni\u00f1as, ni\u00f1os y adolescentes, articulando esfuerzos con la comunidad educativa y priorizando la atenci\u00f3n a poblaciones en situaci\u00f3n de vulnerabilidad.\n                    <\/p>\n\t\t\t\t\t<\/div>\n\t\t<\/div>\n\t\t\t\t<div class=\"elementor-column elementor-col-50 elementor-top-column elementor-element elementor-element-f38bd76\" data-id=\"f38bd76\" data-element_type=\"column\">\n\t\t\t<div class=\"elementor-widget-wrap elementor-element-populated\">\n\t\t\t\t\t\t\t        <p class=\"e-paragraph-base\">\n                            Ser una instancia de gesti\u00f3n educativa l\u00edder, reconocida por brindar un servicio de calidad, inclusivo, intercultural e innovador, que garantice el logro de aprendizajes significativos en todos los estudiantes. Aspiramos a formar ciudadanos competentes, con valores, identidad cultural y compromiso con el desarrollo sostenible de la provincia de Satipo y la Amazon\u00eda peruana.\n                    <\/p>\n\t\t\t\t\t<\/div>\n\t\t<\/div>\n\t\t\t\t\t<\/div>\n\t\t<\/section>\n\t\t\t\t<section class=\"elementor-section elementor-top-section elementor-element elementor-element-7c48ec0 elementor-section-boxed elementor-section-height-default elementor-section-height-default\" data-id=\"7c48ec0\" data-element_type=\"section\">\n\t\t\t\t\t\t<div class=\"elementor-container elementor-column-gap-default\">\n\t\t\t\t\t<div class=\"elementor-column elementor-col-20 elementor-top-column elementor-element elementor-element-2b1c5a5\" data-id=\"2b1c5a5\" data-element_type=\"column\">\n\t\t\t<div class=\"elementor-widget-wrap\">\n\t\t\t\t\t\t\t<\/div>\n\t\t<\/div>\n\t\t\t\t<div class=\"elementor-column elementor-col-20 elementor-top-column elementor-element elementor-element-b4276d6\" data-id=\"b4276d6\" data-element_type=\"column\">\n\t\t\t<div class=\"elementor-widget-wrap\">\n\t\t\t\t\t\t\t<\/div>\n\t\t<\/div>\n\t\t\t\t<div class=\"elementor-column elementor-col-20 elementor-top-column elementor-element elementor-element-a45f825\" data-id=\"a45f825\" data-element_type=\"column\">\n\t\t\t<div class=\"elementor-widget-wrap elementor-element-populated\">\n\t\t\t\t\t\t\t\t<h2 class=\"e-heading-base\">\n\t\t\tValores\n\t\t<\/h2>\n\t\t\t\t\t<\/div>\n\t\t<\/div>\n\t\t\t\t<div class=\"elementor-column elementor-col-20 elementor-top-column elementor-element elementor-element-d9e8c42\" data-id=\"d9e8c42\" data-element_type=\"column\">\n\t\t\t<div class=\"elementor-widget-wrap\">\n\t\t\t\t\t\t\t<\/div>\n\t\t<\/div>\n\t\t\t\t<div class=\"elementor-column elementor-col-20 elementor-top-column elementor-element elementor-element-c9adcd3\" data-id=\"c9adcd3\" data-element_type=\"column\">\n\t\t\t<div class=\"elementor-widget-wrap\">\n\t\t\t\t\t\t\t<\/div>\n\t\t<\/div>\n\t\t\t\t\t<\/div>\n\t\t<\/section>\n\t\t\t\t<section class=\"elementor-section elementor-top-section elementor-element elementor-element-0c9e1e0 elementor-section-boxed elementor-section-height-default elementor-section-height-default\" data-id=\"0c9e1e0\" data-element_type=\"section\">\n\t\t\t\t\t\t<div class=\"elementor-container elementor-column-gap-default\">\n\t\t\t\t\t<div class=\"elementor-column elementor-col-25 elementor-top-column elementor-element elementor-element-6f8d056\" data-id=\"6f8d056\" data-element_type=\"column\">\n\t\t\t<div class=\"elementor-widget-wrap\">\n\t\t\t\t\t\t\t<\/div>\n\t\t<\/div>\n\t\t\t\t<div class=\"elementor-column elementor-col-50 elementor-top-column elementor-element elementor-element-dfb3744\" data-id=\"dfb3744\" data-element_type=\"column\">\n\t\t\t<div class=\"elementor-widget-wrap elementor-element-populated\">\n\t\t\t\t\t\t\t        <p class=\"e-paragraph-base\">\n                            \ud83d\udd39 Responsabilidad: Cumplimos nuestras funciones con compromiso, eficiencia y vocaci\u00f3n de servicio hacia la comunidad educativa.\n                    <\/p>\n\t\t\t\t\t<\/div>\n\t\t<\/div>\n\t\t\t\t<div class=\"elementor-column elementor-col-25 elementor-top-column elementor-element elementor-element-d6f88bd\" data-id=\"d6f88bd\" data-element_type=\"column\">\n\t\t\t<div class=\"elementor-widget-wrap\">\n\t\t\t\t\t\t\t<\/div>\n\t\t<\/div>\n\t\t\t\t\t<\/div>\n\t\t<\/section>\n\t\t\t\t<\/div>\n\t\t","protected":false},"excerpt":{"rendered":"<p>Misi\u00f3n Visi\u00f3n Garantizar un servicio educativo de calidad en todos los niveles y modalidades, mediante una gesti\u00f3n eficiente, transparente y descentralizada, orientada al desarrollo integral de los estudiantes. Promovemos una educaci\u00f3n pertinente, intercultural e inclusiva, que fortalece la identidad, los valores y las competencias de ni\u00f1as, ni\u00f1os y adolescentes, articulando esfuerzos con la comunidad educativa [&hellip;]<\/p>\n","protected":false},"author":1,"featured_media":0,"parent":0,"menu_order":0,"comment_status":"closed","ping_status":"closed","template":"","meta":{"footnotes":""},"class_list":["post-297","page","type-page","status-publish","hentry"],"_links":{"self":[{"href":"https:\/\/ugelsatipo.gob.pe\/index.php\/wp-json\/wp\/v2\/pages\/297","targetHints":{"allow":["GET"]}}],"collection":[{"href":"https:\/\/ugelsatipo.gob.pe\/index.php\/wp-json\/wp\/v2\/pages"}],"about":[{"href":"https:\/\/ugelsatipo.gob.pe\/index.php\/wp-json\/wp\/v2\/types\/page"}],"author":[{"embeddable":true,"href":"https:\/\/ugelsatipo.gob.pe\/index.php\/wp-json\/wp\/v2\/users\/1"}],"replies":[{"embeddable":true,"href":"https:\/\/ugelsatipo.gob.pe\/index.php\/wp-json\/wp\/v2\/comments?post=297"}],"version-history":[{"count":13,"href":"https:\/\/ugelsatipo.gob.pe\/index.php\/wp-json\/wp\/v2\/pages\/297\/revisions"}],"predecessor-version":[{"id":351,"href":"https:\/\/ugelsatipo.gob.pe\/index.php\/wp-json\/wp\/v2\/pages\/297\/revisions\/351"}],"wp:attachment":[{"href":"https:\/\/ugelsatipo.gob.pe\/index.php\/wp-json\/wp\/v2\/media?parent=297"}],"curies":[{"name":"wp","href":"https:\/\/api.w.org\/{rel}","templated":true}]}}